{"id":2,"date":"2025-06-25T20:19:08","date_gmt":"2025-06-25T20:19:08","guid":{"rendered":"https:\/\/brushandwine.eu\/?page_id=2"},"modified":"2025-06-25T22:11:51","modified_gmt":"2025-06-25T22:11:51","slug":"rezervacije","status":"publish","type":"page","link":"https:\/\/brushandwine.eu\/en\/rezervacije\/","title":{"rendered":"Reservations"},"content":{"rendered":"<p>Whether you come alone, with a partner, friends or a group \u2013 you\u2019ll find something rare: a space where you're fully present, where time slows down, and wine and color tell your story.<br>Brush &amp; Wine is not just a studio. It\u2019s an experience.<\/p>\n\n\n\n<p><strong>Location: Marina Veruda, Ul. Prekomorskih brigada 12<br>Phone: +385 99 764 3005<br>E-mail: info@brushandwine.eu<\/strong><\/p>\n\n\n\n<p>Contact us \u2013 we\u2019d love to co-create an experience to remember.<\/p>\n\n\n<div class=\"wpforms-container wpforms-container-full wpforms-render-modern\" id=\"wpforms-49\"><form id=\"wpforms-form-49\" class=\"wpforms-validate wpforms-form wpforms-ajax-form\" data-formid=\"49\" method=\"post\" enctype=\"multipart\/form-data\" action=\"\/en\/wp-json\/wp\/v2\/pages\/2\" data-token=\"35c6f706d925e581be4219662a153c9a\" data-token-time=\"1776285360\" data-trp-original-action=\"\/en\/wp-json\/wp\/v2\/pages\/2\"><noscript class=\"wpforms-error-noscript\">Please enable JavaScript in your browser to complete this form.<\/noscript><div class=\"wpforms-hidden\" id=\"wpforms-error-noscript\">Please enable JavaScript in your browser to complete this form.<\/div><div class=\"wpforms-field-container\"><div id=\"wpforms-49-field_1-container\" class=\"wpforms-field wpforms-field-name\" data-field-id=\"1\"><label class=\"wpforms-field-label\" for=\"wpforms-49-field_1\">Name <span class=\"wpforms-required-label\" aria-hidden=\"true\">*<\/span><\/label><input type=\"text\" id=\"wpforms-49-field_1\" class=\"wpforms-field-medium wpforms-field-required\" name=\"wpforms[fields][1]\" aria-errormessage=\"wpforms-49-field_1-error\" required><\/div><div id=\"wpforms-49-field_2-container\" class=\"wpforms-field wpforms-field-email\" data-field-id=\"2\"><label class=\"wpforms-field-label\" for=\"wpforms-49-field_2\">Email <span class=\"wpforms-required-label\" aria-hidden=\"true\">*<\/span><\/label><input type=\"email\" id=\"wpforms-49-field_2\" class=\"wpforms-field-medium wpforms-field-required\" name=\"wpforms[fields][2]\" spellcheck=\"false\" aria-errormessage=\"wpforms-49-field_2-error\" required><\/div>\t\t<div id=\"wpforms-49-field_4-container\"\n\t\t\tclass=\"wpforms-field wpforms-field-text\"\n\t\t\tdata-field-type=\"text\"\n\t\t\tdata-field-id=\"4\"\n\t\t\t>\n\t\t\t<label class=\"wpforms-field-label\" for=\"wpforms-49-field_4\" >Message Email Name<\/label>\n\t\t\t<input type=\"text\" id=\"wpforms-49-field_4\" class=\"wpforms-field-medium\" name=\"wpforms[fields][4]\" >\n\t\t<\/div>\n\t\t<div id=\"wpforms-49-field_3-container\" class=\"wpforms-field wpforms-field-textarea\" data-field-id=\"3\"><label class=\"wpforms-field-label\" for=\"wpforms-49-field_3\">Message<\/label><textarea id=\"wpforms-49-field_3\" class=\"wpforms-field-medium\" name=\"wpforms[fields][3]\" aria-errormessage=\"wpforms-49-field_3-error\" ><\/textarea><\/div><script>\n\t\t\t\t( function() {\n\t\t\t\t\tconst style = document.createElement( 'style' );\n\t\t\t\t\tstyle.appendChild( document.createTextNode( '#wpforms-49-field_4-container { position: absolute !important; overflow: hidden !important; display: inline !important; height: 1px !important; width: 1px !important; z-index: -1000 !important; padding: 0 !important; } #wpforms-49-field_4-container input { visibility: hidden; } #wpforms-conversational-form-page #wpforms-49-field_4-container label { counter-increment: none; }' ) );\n\t\t\t\t\tdocument.head.appendChild( style );\n\t\t\t\t\tdocument.currentScript?.remove();\n\t\t\t\t} )();\n\t\t\t<\/script><\/div><!-- .wpforms-field-container --><div class=\"wpforms-submit-container\" ><input type=\"hidden\" name=\"wpforms[id]\" value=\"49\"><input type=\"hidden\" name=\"page_title\" value=\"\"><input type=\"hidden\" name=\"page_url\" value=\"https:\/\/brushandwine.eu\/en\/wp-json\/wp\/v2\/pages\/2\"><input type=\"hidden\" name=\"url_referer\" value=\"\"><button type=\"submit\" name=\"wpforms[submit]\" id=\"wpforms-submit-49\" class=\"wpforms-submit\" data-alt-text=\"Sending...\" data-submit-text=\"Submit\" aria-live=\"assertive\" value=\"wpforms-submit\">Submit<\/button><img loading=\"lazy\" decoding=\"async\" src=\"https:\/\/brushandwine.eu\/wp-content\/plugins\/wpforms-lite\/assets\/images\/submit-spin.svg\" class=\"wpforms-submit-spinner\" style=\"display: none;\" width=\"26\" height=\"26\" alt=\"Loading\"><\/div><input type=\"hidden\" name=\"trp-form-language\" value=\"en\"\/><\/form><\/div>  <!-- .wpforms-container -->","protected":false},"excerpt":{"rendered":"<p>Bilo da dolazi\u0161 sam\/a, s partnerom, prijateljima ili u grupi \u2013 ovdje \u0107e\u0161 prona\u0107i ono rijetko: prostor u kojem si potpuno prisutan, gdje vrijeme usporava, a vino i boje zajedno pri\u010daju tvoju pri\u010du.Brush &amp; Wine nije samo studio. To je do\u017eivljaj. Lokacija: Marina Veruda, Ul. Prekomorskih brigada 12Telefon: 099 \/ 764 \u2013 3005E-mail: info@brushandwine.eu Slobodno [&hellip;]<\/p>","protected":false},"author":1,"featured_media":0,"parent":0,"menu_order":0,"comment_status":"closed","ping_status":"open","template":"","meta":{"footnotes":""},"class_list":["post-2","page","type-page","status-publish","hentry"],"_links":{"self":[{"href":"https:\/\/brushandwine.eu\/en\/wp-json\/wp\/v2\/pages\/2","targetHints":{"allow":["GET"]}}],"collection":[{"href":"https:\/\/brushandwine.eu\/en\/wp-json\/wp\/v2\/pages"}],"about":[{"href":"https:\/\/brushandwine.eu\/en\/wp-json\/wp\/v2\/types\/page"}],"author":[{"embeddable":true,"href":"https:\/\/brushandwine.eu\/en\/wp-json\/wp\/v2\/users\/1"}],"replies":[{"embeddable":true,"href":"https:\/\/brushandwine.eu\/en\/wp-json\/wp\/v2\/comments?post=2"}],"version-history":[{"count":3,"href":"https:\/\/brushandwine.eu\/en\/wp-json\/wp\/v2\/pages\/2\/revisions"}],"predecessor-version":[{"id":52,"href":"https:\/\/brushandwine.eu\/en\/wp-json\/wp\/v2\/pages\/2\/revisions\/52"}],"wp:attachment":[{"href":"https:\/\/brushandwine.eu\/en\/wp-json\/wp\/v2\/media?parent=2"}],"curies":[{"name":"wp","href":"https:\/\/api.w.org\/{rel}","templated":true}]}}